{"id":4511,"date":"2020-04-06T21:02:14","date_gmt":"2020-04-07T03:02:14","guid":{"rendered":"https:\/\/institutotamaulipas.edu.mx\/preparatoria\/?page_id=4511"},"modified":"2020-04-29T18:27:45","modified_gmt":"2020-04-30T00:27:45","slug":"inscripciones-preparatoria","status":"publish","type":"page","link":"https:\/\/institutotamaulipas.edu.mx\/preparatoria\/inscripciones-preparatoria\/","title":{"rendered":"Inscripciones Preparatoria"},"content":{"rendered":"\t\t<div data-elementor-type=\"wp-page\" data-elementor-id=\"4511\" class=\"elementor elementor-4511\">\n\t\t\t\t\t\t<section class=\"elementor-section elementor-top-section elementor-element elementor-element-18bc24f elementor-section-full_width elementor-section-height-default elementor-section-height-default\" data-id=\"18bc24f\" data-element_type=\"section\">\n\t\t\t\t\t\t<div class=\"elementor-container elementor-column-gap-default\">\n\t\t\t\t\t<div class=\"elementor-column elementor-col-100 elementor-top-column elementor-element elementor-element-5dc1edb\" data-id=\"5dc1edb\" data-element_type=\"column\">\n\t\t\t<div class=\"elementor-widget-wrap elementor-element-populated\">\n\t\t\t\t\t\t<div class=\"elementor-element elementor-element-c5c1b87 elementor-widget elementor-widget-image\" data-id=\"c5c1b87\" data-element_type=\"widget\" data-widget_type=\"image.default\">\n\t\t\t\t<div class=\"elementor-widget-container\">\n\t\t\t\t\t\t\t\t\t\t\t\t\t\t\t<img fetchpriority=\"high\" decoding=\"async\" width=\"232\" height=\"250\" src=\"https:\/\/institutotamaulipas.edu.mx\/preparatoria\/wp-content\/uploads\/2019\/12\/LOGOS-IT-250x258-1.png\" class=\"attachment-large size-large wp-image-6\" alt=\"\" \/>\t\t\t\t\t\t\t\t\t\t\t\t\t\t\t<\/div>\n\t\t\t\t<\/div>\n\t\t\t\t\t<\/div>\n\t\t<\/div>\n\t\t\t\t\t<\/div>\n\t\t<\/section>\n\t\t\t\t<section class=\"elementor-section elementor-top-section elementor-element elementor-element-5dfe068 elementor-section-stretched elementor-section-full_width elementor-section-height-default elementor-section-height-default\" data-id=\"5dfe068\" data-element_type=\"section\" data-settings=\"{&quot;stretch_section&quot;:&quot;section-stretched&quot;}\">\n\t\t\t\t\t\t<div class=\"elementor-container elementor-column-gap-default\">\n\t\t\t\t\t<div class=\"elementor-column elementor-col-100 elementor-top-column elementor-element elementor-element-253a9d4\" data-id=\"253a9d4\" data-element_type=\"column\">\n\t\t\t<div class=\"elementor-widget-wrap elementor-element-populated\">\n\t\t\t\t\t\t<div class=\"elementor-element elementor-element-ade23bf elementor-widget elementor-widget-heading\" data-id=\"ade23bf\" data-element_type=\"widget\" data-widget_type=\"heading.default\">\n\t\t\t\t<div class=\"elementor-widget-container\">\n\t\t\t\t\t<h2 class=\"elementor-heading-title elementor-size-default\">Inscripciones en linea<\/h2>\t\t\t\t<\/div>\n\t\t\t\t<\/div>\n\t\t\t\t\t<\/div>\n\t\t<\/div>\n\t\t\t\t\t<\/div>\n\t\t<\/section>\n\t\t\t\t<section class=\"elementor-section elementor-top-section elementor-element elementor-element-716f9ba elementor-section-boxed elementor-section-height-default elementor-section-height-default\" data-id=\"716f9ba\" data-element_type=\"section\">\n\t\t\t\t\t\t<div class=\"elementor-container elementor-column-gap-default\">\n\t\t\t\t\t<div class=\"elementor-column elementor-col-100 elementor-top-column elementor-element elementor-element-6da0b0d\" data-id=\"6da0b0d\" data-element_type=\"column\">\n\t\t\t<div class=\"elementor-widget-wrap elementor-element-populated\">\n\t\t\t\t\t\t<div class=\"elementor-element elementor-element-d0098b2 elementor-widget elementor-widget-content_form_contact\" data-id=\"d0098b2\" data-element_type=\"widget\" data-widget_type=\"content_form_contact.default\">\n\t\t\t\t<div class=\"elementor-widget-container\">\n\t\t\t\t\t<form action=\"https:\/\/institutotamaulipas.edu.mx\/preparatoria\/wp-admin\/admin-post.php\" method=\"post\" name=\"content-form-d0098b2\" id=\"content-form-d0098b2\" class=\"ti-cf-module content-form content-form-contact content_form_contact\"><input type=\"hidden\" id=\"_wpnonce_contact\" name=\"_wpnonce_contact\" value=\"2d88a1a8d8\" \/><input type=\"hidden\" name=\"_wp_http_referer\" value=\"\/preparatoria\/wp-json\/wp\/v2\/pages\/4511\" \/><input type=\"hidden\" name=\"action\" value=\"content_form_submit\" \/><input type=\"hidden\" name=\"form-type\" value=\"contact\" \/><input type=\"hidden\" name=\"form-builder\" value=\"elementor\" \/><input type=\"hidden\" name=\"post-id\" value=\"4511\" \/><input type=\"hidden\" name=\"form-id\" value=\"d0098b2\" \/><fieldset class=\"content-form-field-text elementor-column elementor-col-100\"><label for=\"data[d0098b2][name]\" >Nombre del Alumno (a):<span class=\"required-mark\"> *<\/span><\/label><input type=\"text\" name=\"data[d0098b2][name]\" id=\"data[d0098b2][name]\" required=\"required\"  placeholder=\"Nombre del Alumno (a)\"><\/fieldset><fieldset class=\"content-form-field-text elementor-column elementor-col-100\"><label for=\"data[d0098b2][nombre-del-padre-madre-tutor]\" >Nombre del Padre\/Madre\/Tutor:<span class=\"required-mark\"> *<\/span><\/label><input type=\"text\" name=\"data[d0098b2][nombre-del-padre-madre-tutor]\" id=\"data[d0098b2][nombre-del-padre-madre-tutor]\" required=\"required\"  placeholder=\"\"><\/fieldset><fieldset class=\"content-form-field-text elementor-column elementor-col-100\"><label for=\"data[d0098b2][direccion]\" >Direcci\u00f3n:<span class=\"required-mark\"> *<\/span><\/label><input type=\"text\" name=\"data[d0098b2][direccion]\" id=\"data[d0098b2][direccion]\" required=\"required\"  placeholder=\"\"><\/fieldset><fieldset class=\"content-form-field-email elementor-column elementor-col-100\"><label for=\"data[d0098b2][email]\" >Correo Electr\u00f3nico:<span class=\"required-mark\"> *<\/span><\/label><input type=\"text\" name=\"data[d0098b2][email]\" id=\"data[d0098b2][email]\" required=\"required\"  placeholder=\"Correo Electr\u00f3nico\"><\/fieldset><fieldset class=\"content-form-field-text elementor-column elementor-col-100\"><label for=\"data[d0098b2][phone]\" >N\u00famero del Tel\u00e9fono:<span class=\"required-mark\"> *<\/span><\/label><input type=\"text\" name=\"data[d0098b2][phone]\" id=\"data[d0098b2][phone]\" required=\"required\"  placeholder=\"N\u00famero del Tel\u00e9fono\"><\/fieldset><fieldset class=\"content-form-field-text elementor-column elementor-col-100\"><label for=\"data[d0098b2][secundaria-de-procedencia]\" >Secundaria de Procedencia:<span class=\"required-mark\"> *<\/span><\/label><input type=\"text\" name=\"data[d0098b2][secundaria-de-procedencia]\" id=\"data[d0098b2][secundaria-de-procedencia]\" required=\"required\"  placeholder=\"\"><\/fieldset><fieldset class=\"content-form-field-textarea elementor-column elementor-col-100\"><label for=\"data[d0098b2][message]\" >Datos Adicionales<\/label><textarea name=\"data[d0098b2][message]\" id=\"data[d0098b2][message]\"   placeholder=\"Opcional\" cols=\"30\" rows=\"5\"><\/textarea><\/fieldset><fieldset class=\"submit-form contact\"><button type=\"submit\" name=\"submit\"  value=\"submit-contact-d0098b2\" class=\"\">Enviar<\/button><\/fieldset><\/form>\t\t\t\t<\/div>\n\t\t\t\t<\/div>\n\t\t\t\t\t<\/div>\n\t\t<\/div>\n\t\t\t\t\t<\/div>\n\t\t<\/section>\n\t\t\t\t<\/div>\n\t\t","protected":false},"excerpt":{"rendered":"<p>Inscripciones en linea Nombre del Alumno (a): * Nombre del Padre\/Madre\/Tutor: * Direcci\u00f3n: * Correo Electr\u00f3nico: * N\u00famero del Tel\u00e9fono: * Secundaria de Procedencia: * Datos Adicionales Enviar<\/p>\n","protected":false},"author":64,"featured_media":0,"parent":0,"menu_order":0,"comment_status":"closed","ping_status":"closed","template":"page-templates\/template-pagebuilder-full-width.php","meta":{"arc_restricted_post":false,"footnotes":""},"class_list":["post-4511","page","type-page","status-publish","hentry"],"jetpack_sharing_enabled":true,"_links":{"self":[{"href":"https:\/\/institutotamaulipas.edu.mx\/preparatoria\/wp-json\/wp\/v2\/pages\/4511","targetHints":{"allow":["GET"]}}],"collection":[{"href":"https:\/\/institutotamaulipas.edu.mx\/preparatoria\/wp-json\/wp\/v2\/pages"}],"about":[{"href":"https:\/\/institutotamaulipas.edu.mx\/preparatoria\/wp-json\/wp\/v2\/types\/page"}],"author":[{"embeddable":true,"href":"https:\/\/institutotamaulipas.edu.mx\/preparatoria\/wp-json\/wp\/v2\/users\/64"}],"replies":[{"embeddable":true,"href":"https:\/\/institutotamaulipas.edu.mx\/preparatoria\/wp-json\/wp\/v2\/comments?post=4511"}],"version-history":[{"count":20,"href":"https:\/\/institutotamaulipas.edu.mx\/preparatoria\/wp-json\/wp\/v2\/pages\/4511\/revisions"}],"predecessor-version":[{"id":4928,"href":"https:\/\/institutotamaulipas.edu.mx\/preparatoria\/wp-json\/wp\/v2\/pages\/4511\/revisions\/4928"}],"wp:attachment":[{"href":"https:\/\/institutotamaulipas.edu.mx\/preparatoria\/wp-json\/wp\/v2\/media?parent=4511"}],"curies":[{"name":"wp","href":"https:\/\/api.w.org\/{rel}","templated":true}]}}